{"id":56,"date":"2025-06-29T11:28:02","date_gmt":"2025-06-29T11:28:02","guid":{"rendered":"https:\/\/hanspeterulli.ch\/training-consulting\/?page_id=56"},"modified":"2025-06-29T12:25:03","modified_gmt":"2025-06-29T12:25:03","slug":"datenschutz","status":"publish","type":"page","link":"https:\/\/hanspeterulli.ch\/training-consulting\/datenschutz\/","title":{"rendered":"DATENSCHUTZ"},"content":{"rendered":"<section  class='av_textblock_section av-mchl63wl-25234abc9fcd573b099fd5d229712501 '   itemscope=\"itemscope\" itemtype=\"https:\/\/schema.org\/CreativeWork\" ><div class='avia_textblock'  itemprop=\"text\" ><p>Die Adresse dieser Website ist: https:\/\/www.hanspeterulli.ch\/training-consulting<\/p>\n<p><strong>Verantwortlich<\/strong><\/p>\n<p>Hans-Peter Ulli<br \/>\nB\u00fcndtstrasse 11<br \/>\n9053 Teufen<br \/>\nMobil <a href=\"tel:+41794018641\">+41 79 401 86 41<\/a><br \/>\n<a href=\"mailto:%20hpulli@bluewin.ch\">hpulli at bluewin.ch<\/a><\/p>\n<section class=\"av_textblock_section \">\n<div class=\"avia_textblock \">\n<h2>Grunds\u00e4tzliches<\/h2>\n<p>Wir nehmen den Schutz Ihrer Daten sehr ernst und verpflichten uns, die Informationen, die Sie uns in Verbindung mit der Nutzung unserer Website zur Verf\u00fcgung stellen, zu sch\u00fctzen. Des Weiteren verpflichten wir uns, Ihre Daten gem\u00e4ss anwendbarem Recht zu sch\u00fctzen und zu verwenden. Diese Datenschutzrichtlinie erl\u00e4utert unsere Praktiken in Bezug auf die Erfassung, Verwendung und Offenlegung Ihrer Daten durch die Nutzung unserer Website.<\/p>\n<p>Lesen Sie die Datenschutzrichtlinie bitte sorgf\u00e4ltig durch und stellen Sie sicher, dass Sie unsere Praktiken in Bezug auf Ihre Daten vollumf\u00e4nglich verstehen, bevor Sie unsere Dienste verwenden. Wenn Sie diese Richtlinie gelesen, vollumf\u00e4nglich verstanden haben und nicht mit unserer Vorgehensweise einverstanden sind, m\u00fcssen Sie die Nutzung unserer Website einstellen. Mit der Nutzung unserer Dienste erkennen Sie die Bedingungen dieser Datenschutzrichtlinie an. Die weitere Nutzung der Dienste stellt Ihre Zustimmung zu dieser Datenschutzrichtlinie und allen \u00c4nderungen daran dar.<\/p>\n<p>Personendaten im Sinne dieser Datenschutzbestimmungen sind alle Informationen, die sich auf eine bestimmte oder bestimmbare nat\u00fcrliche Person beziehen. S\u00e4mtliche Weiterbearbeitungen, Verwendungen, Auswertungen, Erfassen oder Speichern dieser Daten gilt als Bearbeitung. In der vorliegenden Datenschutzerkl\u00e4rung wird erl\u00e4utert, welche, weshalb und wie mit den gesammelten Daten umgegangen wird. Wir k\u00f6nnen Personendaten durch Dritte bearbeiten lassen, wenn es sich um spezialisierte Anbieter handelt. Die entsprechenden Datenschutzerkl\u00e4rungen liegen in diesem Dokument vor. Diese Datenschutzerkl\u00e4rung zeigt auch Ihre Rechte auf, die Sie an diesen Daten haben.<\/p>\n<h2>Datensicherheit<\/h2>\n<p>Diese Website wird per Hypertext Transfer Protocol Secure (https:) zur Verf\u00fcgung gestellt. E-Mails sind per SSL verschl\u00fcsselt. Technisch gesammelte Personendaten beim Aufruf dieser Website werden ausschliesslich auf Servern in der Schweiz gesichert: Diese Website ist gehostet bei cyon.ch. Daten, die bei einem Besuch der Website von diesen Servern in der Schweiz automatisch gespeichert werden, werden von cyon.ch in keinster Weise weiterverarbeitet. Ein Auftragsverarbeitungsvertrag (AVV) liegt vor und kann hier eingesehen werden: <a href=\"https:\/\/www.cyon.ch\/legal\/avv\">https:\/\/www.cyon.ch\/legal\/avv<\/a>. Diese Website ist erstellt mit WordPress. Standardm\u00e4ssig teilt WordPress keinerlei personenbezogene Daten mit Dritten.<\/p>\n<h2>Welche Daten erfassen wir<\/h2>\n<p>Nachstehend erhalten Sie einen \u00dcberblick \u00fcber die Daten, die wir erfassen k\u00f6nnen:<\/p>\n<ul>\n<li>Nicht identifizierte und nicht identifizierbare Informationen, die Sie w\u00e4hrend des Registrierungsprozesses bereitstellen oder die \u00fcber die Nutzung unserer Dienste gesammelt werden (\u201enicht personenbezogene Daten\u201c). Nicht personenbezogene Daten lassen keine R\u00fcckschl\u00fcsse darauf zu, von wem sie erfasst wurden. Nicht personenbezogene Daten, die wir erfassen, bestehen haupts\u00e4chlich aus technischen und zusammengefassten Nutzungsinformationen.<\/li>\n<li>Individuell identifizierbare Informationen, d.h. all jene, \u00fcber die man Sie identifizieren kann oder mit vertretbarem Aufwand identifizieren k\u00f6nnte (\u201epersonenbezogene Daten\u201c). Zu den personenbezogenen Daten, die wir \u00fcber unsere Dienste erfassen, k\u00f6nnen Informationen geh\u00f6ren, die von Zeit zu Zeit angefordert werden, wie Namen, E-Mail-Adressen, Adressen, Telefonnummern, IP-Adressen und mehr. Wenn wir personenbezogene mit nicht personenbezogenen Daten kombinieren, werden diese, solange sie in Kombination vorliegen, von uns als personenbezogene Daten behandelt.<\/li>\n<\/ul>\n<h3>Statistische, technische Informationen<\/h3>\n<p>Wenn Sie auf unsere Webseite zugreifen, werden automatisch technische Informationen erfasst. Die Informationen werden beim Hoster (cyon.ch) auf deren Server in der Schweiz erfasst und gespeichert. Diese Daten werden weder vom Hoster noch von uns weiterverarbeitet. Die Sammlung dieser Daten dient zur Datensicherheit und um diese Website dauerhaft nutzerfreundlich bereitstellen zu k\u00f6nnen. Ihre Daten k\u00f6nnen lediglich statistisch ausgewertet werden. R\u00fcckschl\u00fcsse auf Ihre Person werden damit nicht gemacht. Mehr dazu: <a href=\"https:\/\/awstats.sourceforge.io\/docs\/awstats_what.html\" target=\"_blank\" rel=\"noopener\">Was ist AWStats\u00a0\/ \u00dcbersicht \u00fcber die Funktionen<\/a>.<\/p>\n<h3>Eingebettete Inhalte von anderen Websites<\/h3>\n<p>Beitr\u00e4ge auf dieser Website k\u00f6nnen eingebettete Inhalte beinhalten (z. B. Videos, Bilder, Beitr\u00e4ge etc.). Eingebettete Inhalte von anderen Websites verhalten sich exakt so, als ob Sie eine andere Website besucht h\u00e4tten. Diese Websites k\u00f6nnen Daten \u00fcber Sie sammeln, Cookies benutzen, zus\u00e4tzliche Tracking-Dienste von Dritten einbetten und Ihre Interaktion mit diesem eingebetteten Inhalt aufzeichnen, inklusive Ihrer Interaktion mit dem eingebetteten Inhalt, falls Sie ein Konto haben und auf dieser Website angemeldet sind. Wir erhalten keinerlei Informationen, welche personenbezogenen Daten \u00fcbermittelt werden, und wertet diese selbst auch nicht aus.<\/p>\n<h3>Cookies<\/h3>\n<p>Cookies werden von Ihrem Browser gespeichert. Es gibt notwendige Cookies, die den fehlerfreien Betrieb der Website erm\u00f6glichen. Man nennt diese auch Session-Cookies, welche nach Schliessung des Browsers automatisch gel\u00f6scht werden. Die zweite Kategorie (Persistant Cookies) werden von verschiedenen Diensten (z.B. Facebook oder Analysendiensten) gesetzt. Sie dienen dazu, eine bereits aufgerufene Website wieder zu erkennen und dadurch beispielsweise die Reichweite der Website zu messen. Online-Marketing w\u00e4re ein weiterer Punkt, welchen wir jedoch nicht nutzen. L\u00e4nger gespeicherte Cookies (Permanent\/Persistant Cookies) werden nach einer bestimmten Zeit gel\u00f6scht. Wie Ihr Rechner mit Cookies umgehen soll (alle akzeptieren, Ausschlussliste, etc.), k\u00f6nnen Sie in den Browser-Einstellungen vornehmen. Damit diese Website korrekt angezeigt wird, empfehlen wir die Aktivierung von Cookies.<\/p>\n<h3>Plugins<\/h3>\n<p>Diese Website enth\u00e4lt Plugins zur Erweiterung, um gewisse Funktionen zu erm\u00f6glichen oder zu vereinfachen, wie zum Beispiel die Bild-Optimierung. Diese Drittanbieter werden nachfolgend aufgef\u00fchrt. Durch Anklicken dieser Links, deren Nutzung und auch vollautomatisch erhalten diese Dienste in unterschiedlicher Weise personenbezogene Daten. Wir erhalten keinerlei Informationen dazu. Wie und f\u00fcr was eventuell gesammelte Personendaten von diesen Diensten genutzt und bearbeitet werden, und auch die Rechte, die Sie an diesen Daten haben, liegt in der Verantwortung des Betreibers, was in dessen Datenschutzbestimmungen, Nutzungsbedingungen und Allgemeinen Gesch\u00e4ftsbedingungen geregelt ist. Nachfolgend finden Sie die Links auf vorliegende Datenschutzerkl\u00e4rungen oder \u00e4hnliches.<\/p>\n<h3>LiteSpeed Cache<\/h3>\n<p>Diese Website verwendet LiteSpeed-Caching, um eine schnellere Antwortzeit und eine bessere Benutzererfahrung zu erm\u00f6glichen. Caching speichert potenziell eine doppelte Kopie jeder Webseite, die auf dieser Website angezeigt wird. Alle Cache-Dateien sind tempor\u00e4r und werden nicht von Dritten eingesehen, es sei denn, dies ist notwendig, um technische Unterst\u00fctzung vom Cache-Plugin-Anbieter zu erhalten. Die Cache-Dateien laufen nach einem vom Website-Administrator festgelegten Zeitplan ab, k\u00f6nnen aber, falls erforderlich, vom Administrator vor ihrem nat\u00fcrlichen Ablaufdatum gel\u00f6scht werden. Wir k\u00f6nnen QUIC.cloud-Dienste nutzen, um Ihre Daten vor\u00fcbergehend zu verarbeiten und zu cachen. <a href=\"https:\/\/quic.cloud\/privacy-policy\/\" target=\"_blank\" rel=\"noopener\">https:\/\/quic.cloud\/privacy-policy\/<\/a> enth\u00e4lt weitere Informationen. <a href=\"https:\/\/www.litespeedtech.com\/company\/privacy-policy\" target=\"_blank\" rel=\"noopener\">https:\/\/www.litespeedtech.com\/company\/privacy-policy<\/a><\/p>\n<h3>Social Media<\/h3>\n<p>Social Media und andere Online-Plattformen sind ausserhalb der Schweiz t\u00e4tig, weshalb \u00fcbermittelte Personendaten auch im Ausland verarbeitet werden. Nachfolgend die Datenschutzerkl\u00e4rungen dieser Dienste:<\/p>\n<p>Instagram\u00a0\u00a0\u00a0\u00a0\u00a0\u00a0\u00a0 <a href=\"https:\/\/help.instagram.com\/155833707900388\" target=\"_blank\" rel=\"noopener\">Datenschutzerkl\u00e4rung (Instagram)<\/a><br \/>\nFacebook\u00a0\u00a0\u00a0\u00a0\u00a0\u00a0\u00a0\u00a0 <a href=\"https:\/\/www.facebook.com\/policy.php\" target=\"_blank\" rel=\"noopener\">Datenschutzerkl\u00e4rung<\/a><br \/>\nGoogle\u00a0\u00a0\u00a0\u00a0\u00a0\u00a0\u00a0\u00a0\u00a0\u00a0\u00a0\u00a0\u00a0 <a href=\"https:\/\/support.google.com\/docs\/answer\/10381817?hl=de\" target=\"_blank\" rel=\"noopener\">Datenschutz in Google Docs, Google Tabellen und Google Pr\u00e4sentationen<\/a><br \/>\nMicrosoft\u00a0\u00a0\u00a0\u00a0\u00a0\u00a0\u00a0\u00a0 Datenschutz und Sicherheit mit Microsoft 365<\/p>\n<h3>Analysedienste<\/h3>\n<p>Diese Website nutzt keine Analysedienste.<\/p>\n<h2><strong>Wie sammeln wir Daten?\u00a0<\/strong><\/h2>\n<p>Nachstehend sind die wichtigsten Methoden aufgef\u00fchrt, die wir zur Sammlung von Daten verwenden:<\/p>\n<ul>\n<li>Wir erfassen Daten bei der Nutzung unserer Dienste. Wenn Sie also unsere Website besuchen und Dienste nutzen, k\u00f6nnen wir die Nutzung, Sitzungen und die dazugeh\u00f6rigen Informationen sammeln, erfassen und speichern.<\/li>\n<li>Wir erfassen Daten, die Sie uns selbst zur Verf\u00fcgung stellen, beispielsweise, wenn Sie \u00fcber einen Kommunikationskanal direkt mit uns Kontakt aufnehmen.<\/li>\n<li>Wir k\u00f6nnen, wie unten beschrieben, Daten aus Drittquellen erfassen.<\/li>\n<li>Wir erfassen Daten, die Sie uns zur Verf\u00fcgung stellen, wenn Sie sich \u00fcber einen Drittanbieter wie Facebook oder Google bei unseren Diensten anmelden.<\/li>\n<\/ul>\n<h2><\/h2>\n<h2><strong>Warum erfassen wir diese Daten?<\/strong><\/h2>\n<p>Wir k\u00f6nnen Ihre Daten f\u00fcr folgende Zwecke verwenden:<\/p>\n<ul>\n<li>um unsere Dienste zur Verf\u00fcgung zu stellen und zu betreiben;<\/li>\n<li>um unsere Dienste zu entwickeln, anzupassen und zu verbessern;<\/li>\n<li>um auf Ihr Feedback, Ihre Anfragen und W\u00fcnsche zu reagieren und Hilfe anzubieten;<\/li>\n<li>um Anforderungs- und Nutzungsmuster zu analysieren;<\/li>\n<li>f\u00fcr sonstige interne, statistische und Recherchezwecke;<\/li>\n<li>um unsere M\u00f6glichkeiten zur Datensicherheit und Betrugspr\u00e4vention verbessern zu k\u00f6nnen;<\/li>\n<li>um Verst\u00f6sse zu untersuchen und unsere Bedingungen und Richtlinien durchzusetzen sowie um dem anwendbaren Recht, den Vorschriften bzw. beh\u00f6rdlichen Anordnungen zu entsprechen;<\/li>\n<li>um Ihnen Aktualisierungen, Nachrichten, Werbematerial und sonstige Informationen im Zusammenhang mit unseren Diensten zu \u00fcbermitteln.<\/li>\n<\/ul>\n<h2><strong>An wen geben wir diese Daten weiter?<\/strong><\/h2>\n<p>Wir k\u00f6nnen Ihre Daten an unsere Dienstleister weitergeben, um unsere Dienste zu betreiben (z. B. Speicherung von Daten \u00fcber Hosting-Dienste Dritter, Bereitstellung technischer Unterst\u00fctzung usw.).<\/p>\n<p>Wir k\u00f6nnen Ihre Daten auch unter folgenden Umst\u00e4nden offenlegen: (i) um rechtswidrige Aktivit\u00e4ten oder sonstiges Fehlverhalten zu untersuchen, aufzudecken, zu verhindern oder dagegen vorzugehen; (ii) um unsere Rechte auf Verteidigung zu begr\u00fcnden oder auszu\u00fcben; (iii) um unsere Rechte, unser Eigentum oder unsere pers\u00f6nliche Sicherheit sowie die Sicherheit unserer Nutzer oder der \u00d6ffentlichkeit zu sch\u00fctzen; (iv) im Falle eines Kontrollwechsels bei uns oder bei einem unserer verbundenen Unternehmen (im Wege einer Verschmelzung, des Erwerbs oder Kaufs (im Wesentlichen) aller Verm\u00f6genswerte u. a.); (v) um Ihre Daten mittels befugter Drittanbieter zu erfassen, vorzuhalten und\/oder zu verwalten (z. B. Cloud-Service-Anbieter), soweit dies f\u00fcr gesch\u00e4ftliche Zwecke angemessen ist; (vi) um mit Drittanbietern gemeinsam an der Verbesserung Ihres Nutzererlebnisses zu arbeiten. Zur Vermeidung von Missverst\u00e4ndnissen m\u00f6chten wir darauf hinweisen, dass wir nicht personenbezogene Daten nach eigenem Ermessen an Dritte \u00fcbermitteln bzw. weitergeben oder anderweitig verwenden k\u00f6nnen.<\/p>\n<p><em>Cookies und \u00e4hnliche Technologien<\/em><\/p>\n<p>Wenn Sie unsere Dienste besuchen oder darauf zugreifen, autorisieren wir Dritte dazu, Webbeacons, Cookies, Pixel Tags, Skripte sowie andere Technologien und Analysedienste (\u201eTracking-Technologien\u201c) einzusetzen. Diese Tracking-Technologien k\u00f6nnen es Dritten erm\u00f6glichen, Ihre Daten automatisch zu erfassen, um das Navigationserlebnis auf unserer Website zu verbessern, deren Performance zu optimieren und ein massgeschneidertes Nutzererlebnis zu gew\u00e4hrleisten, sowie zu Zwecken der Sicherheit und der Betrugspr\u00e4vention.<\/p>\n<p>Ohne Ihre Zustimmung werden wir Ihre E-Mail-Adresse oder andere personenbezogenen Daten nicht an Werbeunternehmen oder Werbenetzwerke weitergeben.<\/p>\n<p><strong>\u00a0<\/strong><\/p>\n<h2><strong>Wo speichern wir die Daten?<\/strong><\/h2>\n<p><em>Nicht personenbezogene Daten<\/em><\/p>\n<p>Bitte beachten Sie, dass unsere vertrauensw\u00fcrdigen Partner und Dienstanbieter auf der ganzen Welt ans\u00e4ssig sind. Zu den in dieser Datenschutzrichtlinie erl\u00e4uterten Zwecke speichern und verarbeiten wir alle nicht personenbezogenen Daten, die wir erfassen, in unterschiedlichen Rechtsordnungen.<\/p>\n<p><em>Personenbezogene Daten<\/em><\/p>\n<p>Personenbezogene Daten k\u00f6nnen in den Vereinigten Staaten, in Irland, S\u00fcdkorea, Taiwan, Israel und soweit f\u00fcr die ordnungsgem\u00e4ss\u00dfe Bereitstellung unserer Dienste und\/oder gesetzlich vorgeschrieben (wie nachstehend weiter erl\u00e4utert) in anderen Rechtsordnungen gepflegt, verarbeitet und gespeichert werden.<\/p>\n<h2><strong>Wie lange werden die Daten vorgehalten?<\/strong><\/h2>\n<p>Bitte beachten Sie, dass wir die erfassten Daten so lange aufbewahren, wie es f\u00fcr die Bereitstellung unserer Dienste, zur Einhaltung unserer gesetzlichen und vertraglichen Verpflichtungen gegen\u00fcber Ihnen, zur Beilegung von Streitigkeiten und zur Durchsetzung unserer Vereinbarungen erforderlich ist.<\/p>\n<p>Wir k\u00f6nnen unrichtige oder unvollst\u00e4ndige Daten jederzeit nach eigenem Ermessen berichtigen, erg\u00e4nzen oder l\u00f6schen.<\/p>\n<h2><strong>Wie sch\u00fctzen wir die Daten?<\/strong><\/h2>\n<p>Der Hosting-Dienst unserer Website stellt uns die Online-Plattform zu Verf\u00fcgung, \u00fcber die wir Ihnen unsere Dienste anbieten k\u00f6nnen. Ihre Daten k\u00f6nnen \u00fcber die Datenspeicherung, Datenbanken und allgemeine Anwendungen unseres Hosting-Anbieters gespeichert werden. Er speichert Ihre Daten auf sicheren Servern hinter einer Firewall und er bietet sicheren HTTPS-Zugriff auf die meisten Bereiche seiner Dienste.<\/p>\n<p>Ungeachtet der von uns und unserem Hosting-Anbieter ergriffenen Massnahmen und Bem\u00fchungen k\u00f6nnen und werden wir keinen absoluten Schutz und keine absolute Sicherheit der Daten garantieren, die Sie hochladen, ver\u00f6ffentlichen oder anderweitig an uns oder andere weitergeben.<\/p>\n<p>Aus diesem Grund m\u00f6chten wir Sie bitten, sichere Passw\u00f6rter festzulegen und uns oder anderen nach M\u00f6glichkeit keine vertraulichen Informationen zu \u00fcbermitteln, deren Offenlegung Ihnen Ihrer Meinung nach erheblich bzw. nachhaltig schaden k\u00f6nnte. Da E-Mail und Instant Messaging nicht als sichere Kommunikationsformen gelten, bitten wir Sie au\u00dferdem, keine vertraulichen Informationen \u00fcber einen dieser Kommunikationskan\u00e4le weiterzugeben.<\/p>\n<p>Wir verwenden Ihre personenbezogenen Daten nur f\u00fcr die in der Datenschutzrichtlinie festgelegten Zwecke und nur, wenn wir davon \u00fcberzeugt sind, dass:<\/p>\n<ul>\n<li>die Verwendung Ihrer personenbezogenen Daten erforderlich ist, um einen Vertrag zu erf\u00fcllen oder zu schliessen (z. B. um Ihnen die Dienste selbst oder Kundenbetreuung bzw. technischen Support bereitzustellen);<\/li>\n<li>die Verwendung Ihrer personenbezogenen Daten notwendig ist, um entsprechenden rechtlichen oder beh\u00f6rdlichen Verpflichtungen nachzukommen, oder<\/li>\n<li>die Verwendung Ihrer personenbezogenen Daten notwendig ist, um unsere berechtigten gesch\u00e4ftlichen Interessen zu unterst\u00fctzen (unter der Ma\u00dfgabe, dass dies jederzeit in einer Weise erfolgt, die verh\u00e4ltnism\u00e4\u00dfig ist und Ihre Datenschutzrechte respektiert).<\/li>\n<\/ul>\n<p>Als EU-Ans\u00e4ssiger k\u00f6nnen Sie:<\/p>\n<ul>\n<li>eine Best\u00e4tigung dar\u00fcber verlangen, ob personenbezogene Daten verarbeitet werden, die Sie betreffen, oder nicht, und Zugriff auf Ihre gespeicherten personenbezogenen Daten sowie auf bestimmte Zusatzinformationen anfordern;<\/li>\n<li>den Erhalt von personenbezogenen Daten, die Sie uns bereitgestellt haben, in einem strukturierten, g\u00e4ngigen und maschinenlesbaren Format verlangen;<\/li>\n<li>die Berichtigung ihrer personenbezogenen Daten verlangen, die bei uns gespeichert sind;<\/li>\n<li>die L\u00f6schung Ihrer personenbezogenen Daten verlangen;<\/li>\n<li>der Verarbeitung Ihrer personenbezogenen Daten durch uns widersprechen;<\/li>\n<li>die Einschr\u00e4nkung der Verarbeitung Ihrer personenbezogenen Daten verlangen, oder<\/li>\n<li>eine Beschwerde bei einer Aufsichtsbeh\u00f6rde einreichen.<\/li>\n<\/ul>\n<p>Bitte beachten Sie jedoch, dass diese Rechte nicht uneingeschr\u00e4nkt g\u00fcltig sind und unseren eigenen berechtigten Interessen und regulatorischen Anforderungen unterliegen k\u00f6nnen. Wenn Sie allgemeine Fragen zu den von uns erfassten personenbezogenen Daten und deren Verwendung haben, wenden Sie sich bitte an uns, wie unten angegeben.<\/p>\n<p>Im Zuge der Bereitstellung der Dienste k\u00f6nnen wir Daten grenz\u00fcberschreitend an verbundene Unternehmen oder andere Dritte und aus Ihrem Land\/Ihrer Rechtsordnung in andere L\u00e4nder\/Rechtsordnungen weltweit \u00fcbertragen. Durch die Nutzung der Dienste stimmen Sie der \u00dcbertragung Ihrer Daten ausserhalb des EWR zu.<\/p>\n<p>Wenn Sie im EWR ans\u00e4ssig sind, werden Ihre personenbezogenen Daten nur dann an Standorte ausserhalb des EWR \u00fcbertragen, wenn wir davon \u00fcberzeugt sind, dass ein angemessenes oder vergleichbares Niveau zum Schutz personenbezogener Daten besteht. Wir werden geeignete Schritte unternehmen, um sicherzustellen, dass wir \u00fcber angemessene vertragliche Vereinbarungen mit unseren Drittparteien verf\u00fcgen, um zu gew\u00e4hrleisten, dass entsprechende Sicherheitsvorkehrungen getroffen werden, so dass das Risiko einer unrechtm\u00e4ssigen Nutzung, \u00c4nderung, L\u00f6schung, eines Verlusts oder Diebstahls Ihrer personenbezogenen Daten minimiert wird und dass diese Drittparteien jederzeit in \u00dcbereinstimmung mit den geltenden Gesetzen handeln.<\/p>\n<p><em>Rechte gem\u00e4\u00df kalifornischem Verbraucherschutzgesetz<\/em><\/p>\n<p>Wenn Sie die Dienste als Einwohner Kaliforniens nutzen, dann sind Sie m\u00f6glicherweise nach dem kalifornischen Verbraucherschutzgesetz (California Consumer Privacy Act; \u201eCCPA\u201c) berechtigt, Zugriff auf und L\u00f6schung Ihrer Daten zu verlangen. Um Ihr Recht auf den Zugriff und die L\u00f6schung Ihrer Daten geltend zu machen, lesen Sie bitte nachstehend, wie Sie Kontakt zu uns aufnehmen k\u00f6nnen.<\/p>\n<p>Wir verkaufen keine personenbezogenen Daten der Nutzer f\u00fcr die Absichten und Zwecke des CCPA.<\/p>\n<p><strong>\u00a0<\/strong><\/p>\n<h2>Welche Rechte Sie an Ihren Daten haben<\/h2>\n<p>Sie haben das Recht Auskunft zu erhalten, was wir gespeichert haben. Wenn Sie ein Konto auf dieser Website haben oder Kommentare verfasst haben, k\u00f6nnen Sie einen Export Ihrer personenbezogenen Daten bei uns anfordern. Dies inklusive aller Daten, die Sie uns mitgeteilt haben. Zudem k\u00f6nnen Sie die L\u00f6schung aller personenbezogenen Daten, die wir von Ihnen gespeichert haben, anfordern. F\u00fcr administrative, rechtliche oder sicherheitsrelevante Informationen gilt das nicht, da wir diese Daten aufbewahren m\u00fcssen. Wir behalten uns das Recht vor, Sie zu authentifizieren, um Ihnen Ausk\u00fcnfte zu erteilen.<\/p>\n<h2>Schlussbestimmungen<\/h2>\n<p>Wir k\u00f6nnen diese Datenschutzrichtlinie nach eigenem Ermessen von Zeit zu Zeit \u00fcberarbeiten, die auf der Website ver\u00f6ffentlichte Version ist immer aktuell (siehe Angabe zum \u201eStand\u201c). Wir bitten Sie, diese Datenschutzrichtlinie regelm\u00e4\u00dfig auf \u00c4nderungen zu \u00fcberpr\u00fcfen. Bei wesentlichen \u00c4nderungen werden wir einen Hinweis dazu auf unserer Website ver\u00f6ffentlichen. Wenn Sie die Dienste nach erfolgter Benachrichtigung \u00fcber \u00c4nderungen auf unsere Website weiter nutzen, gilt dies als Ihre Best\u00e4tigung und Zustimmung zu den \u00c4nderungen der Datenschutzrichtlinie und Ihr Einverst\u00e4ndnis an die Bedingungen dieser \u00c4nderungen gebunden zu sein.<\/p>\n<\/div>\n<p>Juni 2025<\/p>\n<div class=\"avia_textblock \"><\/div>\n<\/section>\n<div class=\"hr hr-invisible avia-builder-el-4 el_after_av_textblock avia-builder-el-last \"><\/div>\n<\/div><\/section>\n","protected":false},"excerpt":{"rendered":"","protected":false},"author":2,"featured_media":0,"parent":0,"menu_order":6,"comment_status":"closed","ping_status":"closed","template":"","meta":{"footnotes":""},"class_list":["post-56","page","type-page","status-publish","hentry"],"_links":{"self":[{"href":"https:\/\/hanspeterulli.ch\/training-consulting\/wp-json\/wp\/v2\/pages\/56","targetHints":{"allow":["GET"]}}],"collection":[{"href":"https:\/\/hanspeterulli.ch\/training-consulting\/wp-json\/wp\/v2\/pages"}],"about":[{"href":"https:\/\/hanspeterulli.ch\/training-consulting\/wp-json\/wp\/v2\/types\/page"}],"author":[{"embeddable":true,"href":"https:\/\/hanspeterulli.ch\/training-consulting\/wp-json\/wp\/v2\/users\/2"}],"replies":[{"embeddable":true,"href":"https:\/\/hanspeterulli.ch\/training-consulting\/wp-json\/wp\/v2\/comments?post=56"}],"version-history":[{"count":1,"href":"https:\/\/hanspeterulli.ch\/training-consulting\/wp-json\/wp\/v2\/pages\/56\/revisions"}],"predecessor-version":[{"id":59,"href":"https:\/\/hanspeterulli.ch\/training-consulting\/wp-json\/wp\/v2\/pages\/56\/revisions\/59"}],"wp:attachment":[{"href":"https:\/\/hanspeterulli.ch\/training-consulting\/wp-json\/wp\/v2\/media?parent=56"}],"curies":[{"name":"wp","href":"https:\/\/api.w.org\/{rel}","templated":true}]}}