{"id":22,"date":"2025-06-29T11:03:13","date_gmt":"2025-06-29T11:03:13","guid":{"rendered":"https:\/\/hanspeterulli.ch\/training-consulting\/?page_id=22"},"modified":"2025-10-30T12:01:38","modified_gmt":"2025-10-30T12:01:38","slug":"wer-bin-ich","status":"publish","type":"page","link":"https:\/\/hanspeterulli.ch\/training-consulting\/wer-bin-ich\/","title":{"rendered":"WER BIN ICH"},"content":{"rendered":"\n<style type=\"text\/css\" data-created_by=\"avia_inline_auto\" id=\"style-css-av-mchnovrd-55c40a66bbaeb516e6d716203a55d70c\">\n#top .hr.hr-invisible.av-mchnovrd-55c40a66bbaeb516e6d716203a55d70c{\nheight:60px;\n}\n<\/style>\n<div  class='hr av-mchnovrd-55c40a66bbaeb516e6d716203a55d70c hr-invisible  avia-builder-el-0  el_before_av_one_half  avia-builder-el-first '><span class='hr-inner '><span class=\"hr-inner-style\"><\/span><\/span><\/div>\n<div  class='flex_column av-1zpni-9cd3a4540031f35fac376ff899c96148 av_one_half  avia-builder-el-1  el_after_av_hr  el_before_av_one_half  first flex_column_div  '     ><section  class='av_textblock_section av-mchk2plu-fe3304e7808b35732c3a249b2c81b81d '   itemscope=\"itemscope\" itemtype=\"https:\/\/schema.org\/CreativeWork\" ><div class='avia_textblock'  itemprop=\"text\" ><h1>WER BIN ICH<\/h1>\n<\/div><\/section><br \/>\n<section  class='av_textblock_section av-mchnwuud-5b6bf18b16f7d586018d8e9b486caac6 '   itemscope=\"itemscope\" itemtype=\"https:\/\/schema.org\/CreativeWork\" ><div class='avia_textblock'  itemprop=\"text\" ><h1><\/h1>\n<p>Seit 2002 arbeite ich als Kommunikationstrainer, Coach und Teamentwickler f\u00fcr \u00f6ffentliche Verwaltungen, sowie diversen national und international ausgerichteten Organisationen aus der Privatwirtschaft. Dabei lasse ich mich von einem humanistischen Weltbild leiten, mit dem Ziel, gemeinsam Wege f\u00fcr eine Optimierung von Abl\u00e4ufen und Prozessen, verbunden mit einer St\u00e4rkung der individuellen Selbstwirksamkeit der Menschen in der Organisation zu finden.<\/p>\n<\/div><\/section><\/p><\/div>\n<div  class='flex_column av-snni-51ccd53f24d3bc0d2a7aa6e1b976abdf av_one_half  avia-builder-el-4  el_after_av_one_half  el_before_av_hr  flex_column_div  '     ><section  class='av_textblock_section av-mchk3zx7-eddd2817bccb81085bb079792cbd740d '   itemscope=\"itemscope\" itemtype=\"https:\/\/schema.org\/CreativeWork\" ><div class='avia_textblock'  itemprop=\"text\" ><h2>MEIN PORTFOLIO<\/h2>\n<\/div><\/section><br \/>\n\n<style type=\"text\/css\" data-created_by=\"avia_inline_auto\" id=\"style-css-av-mchnxl1y-9c457babd46ce500361ba748f5887335\">\n#top .hr.hr-invisible.av-mchnxl1y-9c457babd46ce500361ba748f5887335{\nheight:12px;\n}\n<\/style>\n<div  class='hr av-mchnxl1y-9c457babd46ce500361ba748f5887335 hr-invisible  avia-builder-el-6  el_after_av_textblock  el_before_av_textblock '><span class='hr-inner '><span class=\"hr-inner-style\"><\/span><\/span><\/div><br \/>\n<section  class='av_textblock_section av-mchnx2i4-7bd49f608cdc0598b77f66f5a18f387c '   itemscope=\"itemscope\" itemtype=\"https:\/\/schema.org\/CreativeWork\" ><div class='avia_textblock'  itemprop=\"text\" ><ul>\n<li>diplomierter Organisationsberater und Coach BSO<\/li>\n<li>Masterclass in Horizontal Leadership &amp; Consultancy IMO<\/li>\n<li>lizenzierter Core Quadrant Trainer<\/li>\n<li>Erwachsenenbildner mit eidg. FA (Ausbilder)<\/li>\n<li>zertifizierter Spiral Dynamics Consultant (Level 1&amp;2 )<\/li>\n<li>Dipl. Ing. chem. HTL<\/li>\n<li>Regisseur, Autor, Produzent und Schauspieler<\/li>\n<\/ul>\n<\/div><\/section><\/p><\/div>\n<style type=\"text\/css\" data-created_by=\"avia_inline_auto\" id=\"style-css-av-mchk3hxf-9ad904b0c2631b85579b182bded85933\">\n#top .hr.hr-invisible.av-mchk3hxf-9ad904b0c2631b85579b182bded85933{\nheight:20px;\n}\n<\/style>\n<div  class='hr av-mchk3hxf-9ad904b0c2631b85579b182bded85933 hr-invisible  avia-builder-el-8  el_after_av_one_half  el_before_av_hr '><span class='hr-inner '><span class=\"hr-inner-style\"><\/span><\/span><\/div><\/p>\n\n<style type=\"text\/css\" data-created_by=\"avia_inline_auto\" id=\"style-css-av-1kyk2-a38fe514378b9ffb6a552714e755da37\">\n#top .hr.hr-invisible.av-1kyk2-a38fe514378b9ffb6a552714e755da37{\nheight:20px;\n}\n<\/style>\n<div  class='hr av-1kyk2-a38fe514378b9ffb6a552714e755da37 hr-invisible  avia-builder-el-9  el_after_av_hr  el_before_av_one_third '><span class='hr-inner '><span class=\"hr-inner-style\"><\/span><\/span><\/div>\n<div  class='flex_column av-1m022-2d33e56ca9de788f7a9a532ef82cd8b5 av_one_third  avia-builder-el-10  el_after_av_hr  el_before_av_three_fifth  first flex_column_div  '     ><\/div>\n<div  class='flex_column av-13x4q-7d45ea00372405ff4ec74b041a49442d av_three_fifth  avia-builder-el-11  el_after_av_one_third  el_before_av_hr  flex_column_div  '     ><\/div>\n\n<style type=\"text\/css\" data-created_by=\"avia_inline_auto\" id=\"style-css-av-12hyy-26cffa4ef0fee678b858d4b29ca85838\">\n#top .hr.hr-invisible.av-12hyy-26cffa4ef0fee678b858d4b29ca85838{\nheight:20px;\n}\n<\/style>\n<div  class='hr av-12hyy-26cffa4ef0fee678b858d4b29ca85838 hr-invisible  avia-builder-el-12  el_after_av_three_fifth  avia-builder-el-last '><span class='hr-inner '><span class=\"hr-inner-style\"><\/span><\/span><\/div>\n","protected":false},"excerpt":{"rendered":"","protected":false},"author":2,"featured_media":0,"parent":0,"menu_order":2,"comment_status":"closed","ping_status":"closed","template":"","meta":{"footnotes":""},"class_list":["post-22","page","type-page","status-publish","hentry"],"_links":{"self":[{"href":"https:\/\/hanspeterulli.ch\/training-consulting\/wp-json\/wp\/v2\/pages\/22","targetHints":{"allow":["GET"]}}],"collection":[{"href":"https:\/\/hanspeterulli.ch\/training-consulting\/wp-json\/wp\/v2\/pages"}],"about":[{"href":"https:\/\/hanspeterulli.ch\/training-consulting\/wp-json\/wp\/v2\/types\/page"}],"author":[{"embeddable":true,"href":"https:\/\/hanspeterulli.ch\/training-consulting\/wp-json\/wp\/v2\/users\/2"}],"replies":[{"embeddable":true,"href":"https:\/\/hanspeterulli.ch\/training-consulting\/wp-json\/wp\/v2\/comments?post=22"}],"version-history":[{"count":19,"href":"https:\/\/hanspeterulli.ch\/training-consulting\/wp-json\/wp\/v2\/pages\/22\/revisions"}],"predecessor-version":[{"id":143,"href":"https:\/\/hanspeterulli.ch\/training-consulting\/wp-json\/wp\/v2\/pages\/22\/revisions\/143"}],"wp:attachment":[{"href":"https:\/\/hanspeterulli.ch\/training-consulting\/wp-json\/wp\/v2\/media?parent=22"}],"curies":[{"name":"wp","href":"https:\/\/api.w.org\/{rel}","templated":true}]}}